{"id":258,"date":"2025-01-13T12:02:41","date_gmt":"2025-01-13T11:02:41","guid":{"rendered":"https:\/\/aviyzcf2oz.ph-expertise.com\/?page_id=258"},"modified":"2025-02-21T17:23:27","modified_gmt":"2025-02-21T16:23:27","slug":"patients","status":"publish","type":"page","link":"https:\/\/aviyzcf2oz.ph-expertise.com\/index.php\/page-d-exemple\/ressources\/patients\/","title":{"rendered":"Patients"},"content":{"rendered":"\t\t<div data-elementor-type=\"wp-page\" data-elementor-id=\"258\" class=\"elementor elementor-258\">\n\t\t\t\t<div class=\"elementor-element elementor-element-ce3359c e-flex e-con-boxed e-con e-parent\" data-id=\"ce3359c\" data-element_type=\"container\" data-e-type=\"container\">\n\t\t\t\t\t<div class=\"e-con-inner\">\n\t\t\t\t<div class=\"elementor-element elementor-element-2f3669a e-n-tabs-mobile elementor-widget elementor-widget-n-tabs\" data-id=\"2f3669a\" data-element_type=\"widget\" data-e-type=\"widget\" data-settings=\"{&quot;tabs_justify_horizontal&quot;:&quot;stretch&quot;,&quot;horizontal_scroll&quot;:&quot;enable&quot;}\" data-widget_type=\"nested-tabs.default\">\n\t\t\t\t<div class=\"elementor-widget-container\">\n\t\t\t\t\t\t\t<div class=\"e-n-tabs\" data-widget-number=\"49505946\" aria-label=\"Onglets. Ouvrez des \u00e9l\u00e9ments avec Entrer ou Espace, fermez-les avec Echape et naviguez \u00e0 l&#039;aide des touches fl\u00e9ch\u00e9es.\">\n\t\t\t<div class=\"e-n-tabs-heading\" role=\"tablist\">\n\t\t\t\t\t<button id=\"e-n-tab-title-495059461\" data-tab-title-id=\"e-n-tab-title-495059461\" class=\"e-n-tab-title\" aria-selected=\"true\" data-tab-index=\"1\" role=\"tab\" tabindex=\"0\" aria-controls=\"e-n-tab-content-495059461\" style=\"--n-tabs-title-order: 1;\">\n\t\t\t\t\t\t<span class=\"e-n-tab-title-text\">\n\t\t\t\t+ Trouver un centre\t\t\t<\/span>\n\t\t<\/button>\n\t\t\t\t<button id=\"e-n-tab-title-495059462\" data-tab-title-id=\"e-n-tab-title-495059462\" class=\"e-n-tab-title\" aria-selected=\"false\" data-tab-index=\"2\" role=\"tab\" tabindex=\"-1\" aria-controls=\"e-n-tab-content-495059462\" style=\"--n-tabs-title-order: 2;\">\n\t\t\t\t\t\t<span class=\"e-n-tab-title-text\">\n\t\t\t\t+ Vivre avec ma maladie\t\t\t<\/span>\n\t\t<\/button>\n\t\t\t\t<button id=\"e-n-tab-title-495059463\" data-tab-title-id=\"e-n-tab-title-495059463\" class=\"e-n-tab-title\" aria-selected=\"false\" data-tab-index=\"3\" role=\"tab\" tabindex=\"-1\" aria-controls=\"e-n-tab-content-495059463\" style=\"--n-tabs-title-order: 3;\">\n\t\t\t\t\t\t<span class=\"e-n-tab-title-text\">\n\t\t\t\t+ Les enqu\u00eates patients en cours\t\t\t<\/span>\n\t\t<\/button>\n\t\t\t\t\t<\/div>\n\t\t\t<div class=\"e-n-tabs-content\">\n\t\t\t\t<div id=\"e-n-tab-content-495059461\" role=\"tabpanel\" aria-labelledby=\"e-n-tab-title-495059461\" data-tab-index=\"1\" style=\"--n-tabs-title-order: 1;\" class=\"e-active elementor-element elementor-element-3ec43a5 e-con-full e-flex e-con e-child\" data-id=\"3ec43a5\" data-element_type=\"container\" data-e-type=\"container\">\n\t\t<div class=\"elementor-element elementor-element-71a167b e-flex e-con-boxed e-con e-child\" data-id=\"71a167b\" data-element_type=\"container\" data-e-type=\"container\">\n\t\t\t\t\t<div class=\"e-con-inner\">\n\t\t\t\t<div class=\"elementor-element elementor-element-d1b21d7 elementor-widget elementor-widget-text-editor\" data-id=\"d1b21d7\" data-element_type=\"widget\" data-e-type=\"widget\" data-widget_type=\"text-editor.default\">\n\t\t\t\t<div class=\"elementor-widget-container\">\n\t\t\t\t\t\t\t\t\t<p>Listes des centres par aires th\u00e9rapeutiques.<\/p>\t\t\t\t\t\t\t\t<\/div>\n\t\t\t\t<\/div>\n\t\t\t\t\t<\/div>\n\t\t\t\t<\/div>\n\t\t\t\t<\/div>\n\t\t<div id=\"e-n-tab-content-495059462\" role=\"tabpanel\" aria-labelledby=\"e-n-tab-title-495059462\" data-tab-index=\"2\" style=\"--n-tabs-title-order: 2;\" class=\" elementor-element elementor-element-4124b79 e-con-full e-flex e-con e-child\" data-id=\"4124b79\" data-element_type=\"container\" data-e-type=\"container\">\n\t\t<div class=\"elementor-element elementor-element-b93c3cf e-flex e-con-boxed e-con e-child\" data-id=\"b93c3cf\" data-element_type=\"container\" data-e-type=\"container\">\n\t\t\t\t\t<div class=\"e-con-inner\">\n\t\t\t\t<div class=\"elementor-element elementor-element-af5f9f5 elementor-widget elementor-widget-text-editor\" data-id=\"af5f9f5\" data-element_type=\"widget\" data-e-type=\"widget\" data-widget_type=\"text-editor.default\">\n\t\t\t\t<div class=\"elementor-widget-container\">\n\t\t\t\t\t\t\t\t\t<p>Tr\u00e8s prochainement, vous trouverez de la documentation et des ressources utiles pour vous ! <\/p>\t\t\t\t\t\t\t\t<\/div>\n\t\t\t\t<\/div>\n\t\t\t\t\t<\/div>\n\t\t\t\t<\/div>\n\t\t\t\t<\/div>\n\t\t<div id=\"e-n-tab-content-495059463\" role=\"tabpanel\" aria-labelledby=\"e-n-tab-title-495059463\" data-tab-index=\"3\" style=\"--n-tabs-title-order: 3;\" class=\" elementor-element elementor-element-5d4dda2 e-con-full e-flex e-con e-child\" data-id=\"5d4dda2\" data-element_type=\"container\" data-e-type=\"container\">\n\t\t<div class=\"elementor-element elementor-element-5b1f22b e-flex e-con-boxed e-con e-child\" data-id=\"5b1f22b\" data-element_type=\"container\" data-e-type=\"container\">\n\t\t\t\t\t<div class=\"e-con-inner\">\n\t\t\t\t<div class=\"elementor-element elementor-element-5063133 elementor-widget elementor-widget-text-editor\" data-id=\"5063133\" data-element_type=\"widget\" data-e-type=\"widget\" data-widget_type=\"text-editor.default\">\n\t\t\t\t<div class=\"elementor-widget-container\">\n\t\t\t\t\t\t\t\t\t<p>Il n&rsquo;y a pas d&rsquo;enqu\u00eates en cours&#8230;. revenez plus tard. <\/p>\t\t\t\t\t\t\t\t<\/div>\n\t\t\t\t<\/div>\n\t\t\t\t\t<\/div>\n\t\t\t\t<\/div>\n\t\t\t\t<\/div>\n\t\t\t\t\t<\/div>\n\t\t<\/div>\n\t\t\t\t\t\t<\/div>\n\t\t\t\t<\/div>\n\t\t\t\t\t<\/div>\n\t\t\t\t<\/div>\n\t\t\t\t<\/div>\n\t\t","protected":false},"excerpt":{"rendered":"<p>+ Trouver un centre + Vivre avec ma maladie + Les enqu\u00eates patients en cours Listes des centres par aires th\u00e9rapeutiques. Tr\u00e8s prochainement, vous trouverez de la documentation et des ressources utiles pour vous ! Il n&rsquo;y a pas d&rsquo;enqu\u00eates en cours&#8230;. revenez plus tard. Listes des centres par aires th\u00e9rapeutiques. Tr\u00e8s prochainement, vous trouverez [&hellip;]<\/p>\n","protected":false},"author":1,"featured_media":0,"parent":125,"menu_order":0,"comment_status":"closed","ping_status":"closed","template":"","meta":{"footnotes":""},"class_list":["post-258","page","type-page","status-publish","hentry"],"_links":{"self":[{"href":"https:\/\/aviyzcf2oz.ph-expertise.com\/index.php\/wp-json\/wp\/v2\/pages\/258","targetHints":{"allow":["GET"]}}],"collection":[{"href":"https:\/\/aviyzcf2oz.ph-expertise.com\/index.php\/wp-json\/wp\/v2\/pages"}],"about":[{"href":"https:\/\/aviyzcf2oz.ph-expertise.com\/index.php\/wp-json\/wp\/v2\/types\/page"}],"author":[{"embeddable":true,"href":"https:\/\/aviyzcf2oz.ph-expertise.com\/index.php\/wp-json\/wp\/v2\/users\/1"}],"replies":[{"embeddable":true,"href":"https:\/\/aviyzcf2oz.ph-expertise.com\/index.php\/wp-json\/wp\/v2\/comments?post=258"}],"version-history":[{"count":33,"href":"https:\/\/aviyzcf2oz.ph-expertise.com\/index.php\/wp-json\/wp\/v2\/pages\/258\/revisions"}],"predecessor-version":[{"id":354,"href":"https:\/\/aviyzcf2oz.ph-expertise.com\/index.php\/wp-json\/wp\/v2\/pages\/258\/revisions\/354"}],"up":[{"embeddable":true,"href":"https:\/\/aviyzcf2oz.ph-expertise.com\/index.php\/wp-json\/wp\/v2\/pages\/125"}],"wp:attachment":[{"href":"https:\/\/aviyzcf2oz.ph-expertise.com\/index.php\/wp-json\/wp\/v2\/media?parent=258"}],"curies":[{"name":"wp","href":"https:\/\/api.w.org\/{rel}","templated":true}]}}