{"id":252,"date":"2025-01-13T11:51:17","date_gmt":"2025-01-13T10:51:17","guid":{"rendered":"https:\/\/aviyzcf2oz.ph-expertise.com\/?page_id=252"},"modified":"2025-02-21T17:31:35","modified_gmt":"2025-02-21T16:31:35","slug":"professionnel-de-sante","status":"publish","type":"page","link":"https:\/\/aviyzcf2oz.ph-expertise.com\/index.php\/page-d-exemple\/ressources\/professionnel-de-sante\/","title":{"rendered":"Professionnels de sant\u00e9"},"content":{"rendered":"\t\t<div data-elementor-type=\"wp-page\" data-elementor-id=\"252\" class=\"elementor elementor-252\">\n\t\t\t\t<div class=\"elementor-element elementor-element-bc03f12 e-flex e-con-boxed e-con e-parent\" data-id=\"bc03f12\" data-element_type=\"container\" data-e-type=\"container\">\n\t\t\t\t\t<div class=\"e-con-inner\">\n\t\t\t\t<div class=\"elementor-element elementor-element-1f59067 e-n-tabs-mobile elementor-widget elementor-widget-n-tabs\" data-id=\"1f59067\" data-element_type=\"widget\" data-e-type=\"widget\" data-settings=\"{&quot;tabs_justify_horizontal&quot;:&quot;stretch&quot;,&quot;horizontal_scroll&quot;:&quot;disable&quot;}\" data-widget_type=\"nested-tabs.default\">\n\t\t\t\t<div class=\"elementor-widget-container\">\n\t\t\t\t\t\t\t<div class=\"e-n-tabs\" data-widget-number=\"32870503\" aria-label=\"Onglets. Ouvrez des \u00e9l\u00e9ments avec Entrer ou Espace, fermez-les avec Echape et naviguez \u00e0 l&#039;aide des touches fl\u00e9ch\u00e9es.\">\n\t\t\t<div class=\"e-n-tabs-heading\" role=\"tablist\">\n\t\t\t\t\t<button id=\"e-n-tab-title-328705031\" data-tab-title-id=\"e-n-tab-title-328705031\" class=\"e-n-tab-title\" aria-selected=\"true\" data-tab-index=\"1\" role=\"tab\" tabindex=\"0\" aria-controls=\"e-n-tab-content-328705031\" style=\"--n-tabs-title-order: 1;\">\n\t\t\t\t\t\t<span class=\"e-n-tab-title-text\">\n\t\t\t\t+ Parcours de soins\t\t\t<\/span>\n\t\t<\/button>\n\t\t\t\t<button id=\"e-n-tab-title-328705032\" data-tab-title-id=\"e-n-tab-title-328705032\" class=\"e-n-tab-title\" aria-selected=\"false\" data-tab-index=\"2\" role=\"tab\" tabindex=\"-1\" aria-controls=\"e-n-tab-content-328705032\" style=\"--n-tabs-title-order: 2;\">\n\t\t\t\t\t\t<span class=\"e-n-tab-title-text\">\n\t\t\t\t+ Recherche\t\t\t<\/span>\n\t\t<\/button>\n\t\t\t\t<button id=\"e-n-tab-title-328705033\" data-tab-title-id=\"e-n-tab-title-328705033\" class=\"e-n-tab-title\" aria-selected=\"false\" data-tab-index=\"3\" role=\"tab\" tabindex=\"-1\" aria-controls=\"e-n-tab-content-328705033\" style=\"--n-tabs-title-order: 3;\">\n\t\t\t\t\t\t<span class=\"e-n-tab-title-text\">\n\t\t\t\t+ Formation\t\t\t<\/span>\n\t\t<\/button>\n\t\t\t\t\t<\/div>\n\t\t\t<div class=\"e-n-tabs-content\">\n\t\t\t\t<div id=\"e-n-tab-content-328705031\" role=\"tabpanel\" aria-labelledby=\"e-n-tab-title-328705031\" data-tab-index=\"1\" style=\"--n-tabs-title-order: 1;\" class=\"e-active elementor-element elementor-element-ceb1149 e-con-full e-flex e-con e-child\" data-id=\"ceb1149\" data-element_type=\"container\" data-e-type=\"container\">\n\t\t<div class=\"elementor-element elementor-element-c237041 e-flex e-con-boxed e-con e-child\" data-id=\"c237041\" data-element_type=\"container\" data-e-type=\"container\">\n\t\t\t\t\t<div class=\"e-con-inner\">\n\t\t\t\t<div class=\"elementor-element elementor-element-658b525 elementor-widget elementor-widget-text-editor\" data-id=\"658b525\" data-element_type=\"widget\" data-e-type=\"widget\" data-widget_type=\"text-editor.default\">\n\t\t\t\t<div class=\"elementor-widget-container\">\n\t\t\t\t\t\t\t\t\t<ul><li>Diagnostic<\/li><li>Prise en charge<\/li><li>Base de donn\u00e9es<\/li><li>\u00c9ducation &amp; sensibilisation<\/li><\/ul>\t\t\t\t\t\t\t\t<\/div>\n\t\t\t\t<\/div>\n\t\t\t\t\t<\/div>\n\t\t\t\t<\/div>\n\t\t\t\t<\/div>\n\t\t<div id=\"e-n-tab-content-328705032\" role=\"tabpanel\" aria-labelledby=\"e-n-tab-title-328705032\" data-tab-index=\"2\" style=\"--n-tabs-title-order: 2;\" class=\" elementor-element elementor-element-70f205d e-con-full e-flex e-con e-child\" data-id=\"70f205d\" data-element_type=\"container\" data-e-type=\"container\">\n\t\t<div class=\"elementor-element elementor-element-8437316 e-flex e-con-boxed e-con e-child\" data-id=\"8437316\" data-element_type=\"container\" data-e-type=\"container\">\n\t\t\t\t\t<div class=\"e-con-inner\">\n\t\t\t\t<div class=\"elementor-element elementor-element-3826568 elementor-widget elementor-widget-text-editor\" data-id=\"3826568\" data-element_type=\"widget\" data-e-type=\"widget\" data-widget_type=\"text-editor.default\">\n\t\t\t\t<div class=\"elementor-widget-container\">\n\t\t\t\t\t\t\t\t\t<ul><li>Laboratoires de recherche clinique<\/li><li>Publication scientifiques<\/li><li>Appels \u00e0 projet &amp; essais cliniques<\/li><\/ul>\t\t\t\t\t\t\t\t<\/div>\n\t\t\t\t<\/div>\n\t\t\t\t\t<\/div>\n\t\t\t\t<\/div>\n\t\t\t\t<\/div>\n\t\t<div id=\"e-n-tab-content-328705033\" role=\"tabpanel\" aria-labelledby=\"e-n-tab-title-328705033\" data-tab-index=\"3\" style=\"--n-tabs-title-order: 3;\" class=\" elementor-element elementor-element-3568d68 e-con-full e-flex e-con e-child\" data-id=\"3568d68\" data-element_type=\"container\" data-e-type=\"container\">\n\t\t<div class=\"elementor-element elementor-element-a332c1d e-flex e-con-boxed e-con e-child\" data-id=\"a332c1d\" data-element_type=\"container\" data-e-type=\"container\">\n\t\t\t\t\t<div class=\"e-con-inner\">\n\t\t\t\t<div class=\"elementor-element elementor-element-2ffcb62 elementor-widget elementor-widget-text-editor\" data-id=\"2ffcb62\" data-element_type=\"widget\" data-e-type=\"widget\" data-widget_type=\"text-editor.default\">\n\t\t\t\t<div class=\"elementor-widget-container\">\n\t\t\t\t\t\t\t\t\t<ul><li>Enseignements universitaires<\/li><li>Documentation<\/li><\/ul>\t\t\t\t\t\t\t\t<\/div>\n\t\t\t\t<\/div>\n\t\t\t\t\t<\/div>\n\t\t\t\t<\/div>\n\t\t\t\t<\/div>\n\t\t\t\t\t<\/div>\n\t\t<\/div>\n\t\t\t\t\t\t<\/div>\n\t\t\t\t<\/div>\n\t\t\t\t\t<\/div>\n\t\t\t\t<\/div>\n\t\t\t\t<\/div>\n\t\t","protected":false},"excerpt":{"rendered":"<p>+ Parcours de soins + Recherche + Formation Diagnostic Prise en charge Base de donn\u00e9es \u00c9ducation &amp; sensibilisation Laboratoires de recherche clinique Publication scientifiques Appels \u00e0 projet &amp; essais cliniques Enseignements universitaires Documentation Diagnostic Prise en charge Base de donn\u00e9es \u00c9ducation &amp; sensibilisation Laboratoires de recherche clinique Publication scientifiques Appels \u00e0 projet &amp; essais cliniques [&hellip;]<\/p>\n","protected":false},"author":1,"featured_media":0,"parent":125,"menu_order":0,"comment_status":"closed","ping_status":"closed","template":"","meta":{"footnotes":""},"class_list":["post-252","page","type-page","status-publish","hentry"],"_links":{"self":[{"href":"https:\/\/aviyzcf2oz.ph-expertise.com\/index.php\/wp-json\/wp\/v2\/pages\/252","targetHints":{"allow":["GET"]}}],"collection":[{"href":"https:\/\/aviyzcf2oz.ph-expertise.com\/index.php\/wp-json\/wp\/v2\/pages"}],"about":[{"href":"https:\/\/aviyzcf2oz.ph-expertise.com\/index.php\/wp-json\/wp\/v2\/types\/page"}],"author":[{"embeddable":true,"href":"https:\/\/aviyzcf2oz.ph-expertise.com\/index.php\/wp-json\/wp\/v2\/users\/1"}],"replies":[{"embeddable":true,"href":"https:\/\/aviyzcf2oz.ph-expertise.com\/index.php\/wp-json\/wp\/v2\/comments?post=252"}],"version-history":[{"count":11,"href":"https:\/\/aviyzcf2oz.ph-expertise.com\/index.php\/wp-json\/wp\/v2\/pages\/252\/revisions"}],"predecessor-version":[{"id":363,"href":"https:\/\/aviyzcf2oz.ph-expertise.com\/index.php\/wp-json\/wp\/v2\/pages\/252\/revisions\/363"}],"up":[{"embeddable":true,"href":"https:\/\/aviyzcf2oz.ph-expertise.com\/index.php\/wp-json\/wp\/v2\/pages\/125"}],"wp:attachment":[{"href":"https:\/\/aviyzcf2oz.ph-expertise.com\/index.php\/wp-json\/wp\/v2\/media?parent=252"}],"curies":[{"name":"wp","href":"https:\/\/api.w.org\/{rel}","templated":true}]}}