{"id":23,"date":"2024-12-03T11:16:08","date_gmt":"2024-12-03T10:16:08","guid":{"rendered":"https:\/\/aviyzcf2oz.ph-expertise.com\/?page_id=23"},"modified":"2024-12-16T12:12:23","modified_gmt":"2024-12-16T11:12:23","slug":"contact","status":"publish","type":"page","link":"https:\/\/aviyzcf2oz.ph-expertise.com\/index.php\/page-d-exemple\/contact\/","title":{"rendered":"Contact"},"content":{"rendered":"<h4>Une question ? Un projet ? Contactez-nous !<\/h4>\n<p>Nous serons ravis d\u2019\u00e9changer avec vous pour r\u00e9pondre \u00e0 vos questions ou pour collaborer sur ce projet.<\/p>\n<p>\ud83d\udce7 <strong>Envoyez-nous un email<\/strong>: yann.le-goff@ph-expertise.com<\/p>\n","protected":false},"excerpt":{"rendered":"<p>Une question ? Un projet ? Contactez-nous ! Nous serons ravis d\u2019\u00e9changer avec vous pour r\u00e9pondre \u00e0 vos questions ou pour collaborer sur ce projet. \ud83d\udce7 Envoyez-nous un email: yann.le-goff@ph-expertise.com<\/p>\n","protected":false},"author":1,"featured_media":0,"parent":2,"menu_order":0,"comment_status":"closed","ping_status":"closed","template":"","meta":{"footnotes":""},"class_list":["post-23","page","type-page","status-publish","hentry"],"_links":{"self":[{"href":"https:\/\/aviyzcf2oz.ph-expertise.com\/index.php\/wp-json\/wp\/v2\/pages\/23","targetHints":{"allow":["GET"]}}],"collection":[{"href":"https:\/\/aviyzcf2oz.ph-expertise.com\/index.php\/wp-json\/wp\/v2\/pages"}],"about":[{"href":"https:\/\/aviyzcf2oz.ph-expertise.com\/index.php\/wp-json\/wp\/v2\/types\/page"}],"author":[{"embeddable":true,"href":"https:\/\/aviyzcf2oz.ph-expertise.com\/index.php\/wp-json\/wp\/v2\/users\/1"}],"replies":[{"embeddable":true,"href":"https:\/\/aviyzcf2oz.ph-expertise.com\/index.php\/wp-json\/wp\/v2\/comments?post=23"}],"version-history":[{"count":7,"href":"https:\/\/aviyzcf2oz.ph-expertise.com\/index.php\/wp-json\/wp\/v2\/pages\/23\/revisions"}],"predecessor-version":[{"id":248,"href":"https:\/\/aviyzcf2oz.ph-expertise.com\/index.php\/wp-json\/wp\/v2\/pages\/23\/revisions\/248"}],"up":[{"embeddable":true,"href":"https:\/\/aviyzcf2oz.ph-expertise.com\/index.php\/wp-json\/wp\/v2\/pages\/2"}],"wp:attachment":[{"href":"https:\/\/aviyzcf2oz.ph-expertise.com\/index.php\/wp-json\/wp\/v2\/media?parent=23"}],"curies":[{"name":"wp","href":"https:\/\/api.w.org\/{rel}","templated":true}]}}