{"id":150,"date":"2024-12-03T17:15:38","date_gmt":"2024-12-03T16:15:38","guid":{"rendered":"https:\/\/aviyzcf2oz.ph-expertise.com\/?page_id=150"},"modified":"2025-09-02T14:16:03","modified_gmt":"2025-09-02T12:16:03","slug":"maladies-rares","status":"publish","type":"page","link":"https:\/\/aviyzcf2oz.ph-expertise.com\/index.php\/page-d-exemple\/maladies-rares\/","title":{"rendered":"Maladies Rares"},"content":{"rendered":"\t\t<div data-elementor-type=\"wp-page\" data-elementor-id=\"150\" class=\"elementor elementor-150\">\n\t\t\t\t<div class=\"elementor-element elementor-element-76f38e6 e-flex e-con-boxed e-con e-parent\" data-id=\"76f38e6\" data-element_type=\"container\" data-e-type=\"container\">\n\t\t\t\t\t<div class=\"e-con-inner\">\n\t\t\t\t<div class=\"elementor-element elementor-element-458cece elementor-widget elementor-widget-heading\" data-id=\"458cece\" data-element_type=\"widget\" data-e-type=\"widget\" data-widget_type=\"heading.default\">\n\t\t\t\t<div class=\"elementor-widget-container\">\n\t\t\t\t\t<h4 class=\"elementor-heading-title elementor-size-default\"><div><main><div><h2><\/h2><h2>Les Maladies Rares <\/h2><\/div><\/main><\/div><\/h4>\t\t\t\t<\/div>\n\t\t\t\t<\/div>\n\t\t\t\t\t<\/div>\n\t\t\t\t<\/div>\n\t\t<div class=\"elementor-element elementor-element-c022213 e-flex e-con-boxed e-con e-parent\" data-id=\"c022213\" data-element_type=\"container\" data-e-type=\"container\">\n\t\t\t\t\t<div class=\"e-con-inner\">\n\t\t\t\t<div class=\"elementor-element elementor-element-a3f62db elementor-widget elementor-widget-text-editor\" data-id=\"a3f62db\" data-element_type=\"widget\" data-e-type=\"widget\" data-widget_type=\"text-editor.default\">\n\t\t\t\t<div class=\"elementor-widget-container\">\n\t\t\t\t\t\t\t\t\t<p><strong><span style=\"color: #800000;\">Une maladie rare<\/span><\/strong><span style=\"color: #333333;\"> : une maladie qui atteint moins d\u2019une personne sur 2 000 en population g\u00e9n\u00e9rale.<\/span><\/p>\t\t\t\t\t\t\t\t<\/div>\n\t\t\t\t<\/div>\n\t\t\t\t\t<\/div>\n\t\t\t\t<\/div>\n\t\t<div class=\"elementor-element elementor-element-de59937 e-flex e-con-boxed e-con e-parent\" data-id=\"de59937\" data-element_type=\"container\" data-e-type=\"container\">\n\t\t\t\t\t<div class=\"e-con-inner\">\n\t\t\t\t<div class=\"elementor-element elementor-element-33dcb79 elementor-widget elementor-widget-heading\" data-id=\"33dcb79\" data-element_type=\"widget\" data-e-type=\"widget\" data-widget_type=\"heading.default\">\n\t\t\t\t<div class=\"elementor-widget-container\">\n\t\t\t\t\t<h4 class=\"elementor-heading-title elementor-size-default\">Les maladies rares en quelques chiffres<\/h4>\t\t\t\t<\/div>\n\t\t\t\t<\/div>\n\t\t\t\t\t<\/div>\n\t\t\t\t<\/div>\n\t\t<div class=\"elementor-element elementor-element-459137b e-flex e-con-boxed e-con e-parent\" data-id=\"459137b\" data-element_type=\"container\" data-e-type=\"container\">\n\t\t\t\t\t<div class=\"e-con-inner\">\n\t\t<div class=\"elementor-element elementor-element-c6b2df6 e-con-full e-flex e-con e-child\" data-id=\"c6b2df6\" data-element_type=\"container\" data-e-type=\"container\">\n\t\t\t\t<div class=\"elementor-element elementor-element-403f3b3 elementor-widget elementor-widget-text-editor\" data-id=\"403f3b3\" data-element_type=\"widget\" data-e-type=\"widget\" data-widget_type=\"text-editor.default\">\n\t\t\t\t<div class=\"elementor-widget-container\">\n\t\t\t\t\t\t\t\t\t<p style=\"text-align: center;\"><span style=\"color: #800000;\"><strong>109 maladies rares<br \/><\/strong><\/span><span style=\"color: #333333;\">reconnues en Alg\u00e9rie<\/span><\/p>\t\t\t\t\t\t\t\t<\/div>\n\t\t\t\t<\/div>\n\t\t\t\t<\/div>\n\t\t<div class=\"elementor-element elementor-element-a15f4f6 e-con-full e-flex e-con e-child\" data-id=\"a15f4f6\" data-element_type=\"container\" data-e-type=\"container\">\n\t\t\t\t<div class=\"elementor-element elementor-element-f990e04 elementor-widget elementor-widget-text-editor\" data-id=\"f990e04\" data-element_type=\"widget\" data-e-type=\"widget\" data-widget_type=\"text-editor.default\">\n\t\t\t\t<div class=\"elementor-widget-container\">\n\t\t\t\t\t\t\t\t\t<p style=\"text-align: center;\"><strong><span style=\"color: #800000;\">2 millions d\u2019Alg\u00e9riens <\/span><br \/><\/strong><span style=\"color: #333333;\">sont atteints de maladies rares<\/span><\/p>\t\t\t\t\t\t\t\t<\/div>\n\t\t\t\t<\/div>\n\t\t\t\t<\/div>\n\t\t<div class=\"elementor-element elementor-element-27434c7 e-con-full e-flex e-con e-child\" data-id=\"27434c7\" data-element_type=\"container\" data-e-type=\"container\">\n\t\t\t\t<div class=\"elementor-element elementor-element-e92476e elementor-widget elementor-widget-text-editor\" data-id=\"e92476e\" data-element_type=\"widget\" data-e-type=\"widget\" data-widget_type=\"text-editor.default\">\n\t\t\t\t<div class=\"elementor-widget-container\">\n\t\t\t\t\t\t\t\t\t<p style=\"text-align: center;\"><strong><span style=\"color: #800000;\">75% <\/span><br \/><\/strong><span style=\"color: #333333;\">des malades sont des enfants<\/span><\/p>\t\t\t\t\t\t\t\t<\/div>\n\t\t\t\t<\/div>\n\t\t\t\t<\/div>\n\t\t<div class=\"elementor-element elementor-element-bc65004 e-con-full e-flex e-con e-child\" data-id=\"bc65004\" data-element_type=\"container\" data-e-type=\"container\">\n\t\t\t\t<div class=\"elementor-element elementor-element-2fac105 elementor-widget elementor-widget-text-editor\" data-id=\"2fac105\" data-element_type=\"widget\" data-e-type=\"widget\" data-widget_type=\"text-editor.default\">\n\t\t\t\t<div class=\"elementor-widget-container\">\n\t\t\t\t\t\t\t\t\t<p style=\"text-align: center;\"><strong><span style=\"color: #800000;\">80%<\/span> <br \/><\/strong><span style=\"color: #333333;\">des maladies rares sont g\u00e9n\u00e9tiques<\/span><\/p>\t\t\t\t\t\t\t\t<\/div>\n\t\t\t\t<\/div>\n\t\t\t\t<\/div>\n\t\t<div class=\"elementor-element elementor-element-d0f29e3 e-con-full e-flex e-con e-child\" data-id=\"d0f29e3\" data-element_type=\"container\" data-e-type=\"container\">\n\t\t\t\t<div class=\"elementor-element elementor-element-950a43d elementor-widget elementor-widget-text-editor\" data-id=\"950a43d\" data-element_type=\"widget\" data-e-type=\"widget\" data-widget_type=\"text-editor.default\">\n\t\t\t\t<div class=\"elementor-widget-container\">\n\t\t\t\t\t\t\t\t\t<p style=\"text-align: center;\"><strong><span style=\"color: #800000;\">50%<\/span><br \/><\/strong><span style=\"color: #333333;\">des malades sont sans diagnostic pr\u00e9cis<\/span><\/p>\t\t\t\t\t\t\t\t<\/div>\n\t\t\t\t<\/div>\n\t\t\t\t<\/div>\n\t\t\t\t\t<\/div>\n\t\t\t\t<\/div>\n\t\t<div class=\"elementor-element elementor-element-10cbea3 e-con-full e-flex e-con e-parent\" data-id=\"10cbea3\" data-element_type=\"container\" data-e-type=\"container\">\n\t\t\t\t<div class=\"elementor-element elementor-element-a72f38b elementor-widget elementor-widget-heading\" data-id=\"a72f38b\" data-element_type=\"widget\" data-e-type=\"widget\" data-widget_type=\"heading.default\">\n\t\t\t\t<div class=\"elementor-widget-container\">\n\t\t\t\t\t<h4 class=\"elementor-heading-title elementor-size-default\">Gouvernance<\/h4>\t\t\t\t<\/div>\n\t\t\t\t<\/div>\n\t\t\t\t<\/div>\n\t\t<div class=\"elementor-element elementor-element-2a342c7 e-flex e-con-boxed e-con e-parent\" data-id=\"2a342c7\" data-element_type=\"container\" data-e-type=\"container\">\n\t\t\t\t\t<div class=\"e-con-inner\">\n\t\t\t\t<div class=\"elementor-element elementor-element-a4cbde0 elementor-widget elementor-widget-text-editor\" data-id=\"a4cbde0\" data-element_type=\"widget\" data-e-type=\"widget\" data-widget_type=\"text-editor.default\">\n\t\t\t\t<div class=\"elementor-widget-container\">\n\t\t\t\t\t\t\t\t\t<ul><li><p><span style=\"color: #333333;\">Le <strong><span style=\"color: #800000;\">Minist\u00e8re de la Sant\u00e9<\/span><\/strong> travaille en collaboration avec d\u2019autres entit\u00e9s concernant l\u2019enregistrement, le remboursement et l\u2019achat des traitements. La CNAS (Caisse Nationale des Assurances Sociales), en collaboration avec le Minist\u00e8re du Travail, g\u00e8re les politiques de remboursement<\/span><\/p><\/li><li><p><span style=\"color: #333333;\">En 2013, un d\u00e9cret a r\u00e9pertori\u00e9 <strong><span style=\"color: #800000;\"><span style=\"color: #993366;\">28 <\/span>maladies rares, leur traitement d\u00e9di\u00e9 et leur disponibilit\u00e9 dans les Pharmacies Centrales Hospitali\u00e8res<\/span><\/strong>. Il a \u00e9galement encourag\u00e9 la facilitation de l\u2019enregistrement des m\u00e9dicaments.\u00a0<\/span><\/p><\/li><li><p><span style=\"color: #333333;\">En f\u00e9vrier 2024, cette liste est pass\u00e9e de <span style=\"color: #800000;\"><strong>28 \u00e0 113 d\u00e9nominations<\/strong><\/span> reconnues par le minist\u00e8re de la Sant\u00e9.<\/span><\/p><\/li><li><p><span style=\"color: #333333;\">Le pays compte <strong><span style=\"color: #800000;\">43 m\u00e9dicaments ayant \u00e9t\u00e9 distribu\u00e9s au profit des patients<\/span> <\/strong>depuis 2004 \u00e0 ce jour et le gouvernement a rappel\u00e9 en 2022 qu\u2019un enregistrement de tout m\u00e9dicament innovant mis sur le march\u00e9 international \u00e9tait syst\u00e9matique.\u00a0<\/span><\/p><\/li><\/ul>\t\t\t\t\t\t\t\t<\/div>\n\t\t\t\t<\/div>\n\t\t\t\t\t<\/div>\n\t\t\t\t<\/div>\n\t\t<div class=\"elementor-element elementor-element-a516db3 e-flex e-con-boxed e-con e-parent\" data-id=\"a516db3\" data-element_type=\"container\" data-e-type=\"container\">\n\t\t\t\t\t<div class=\"e-con-inner\">\n\t\t\t\t<div class=\"elementor-element elementor-element-251514f elementor-widget elementor-widget-heading\" data-id=\"251514f\" data-element_type=\"widget\" data-e-type=\"widget\" data-widget_type=\"heading.default\">\n\t\t\t\t<div class=\"elementor-widget-container\">\n\t\t\t\t\t<h4 class=\"elementor-heading-title elementor-size-default\"><br>Les d\u00e9faillances qui persistent dans la lutte contre les maladies rares<\/h4>\t\t\t\t<\/div>\n\t\t\t\t<\/div>\n\t\t\t\t<div class=\"elementor-element elementor-element-decb7f7 elementor-widget elementor-widget-text-editor\" data-id=\"decb7f7\" data-element_type=\"widget\" data-e-type=\"widget\" data-widget_type=\"text-editor.default\">\n\t\t\t\t<div class=\"elementor-widget-container\">\n\t\t\t\t\t\t\t\t\t<ul><li><span style=\"color: #333333;\">L\u2019Alg\u00e9rie <span style=\"color: #800000;\"><b>manque de\u00a0sp\u00e9cialistes en g\u00e9n\u00e9tique\u00a0<\/b><b>sp\u00e9cialistes en g\u00e9n\u00e9tique<\/b><\/span>\u00a0et dispose d\u2019un seul laboratoire de diagnostic g\u00e9n\u00e9tique<\/span><\/li><li><span style=\"color: #333333;\">Le <span style=\"color: #800000;\"><b>co\u00fbt de prise en charge est \u00e9lev\u00e9 <\/b><\/span>: selon le professeur Tahar Rayane se dit sceptique quant \u00e0 la prise en charge de toutes les maladies rares.<\/span><\/li><\/ul><ul><li><span style=\"color: #333333;\"><span style=\"color: #800000;\"><b>L\u2019absence de structures d\u00e9di\u00e9es <\/b><\/span>pour la prise en charge th\u00e9rapeutique<\/span><\/li><\/ul><ul><li><span style=\"color: #333333;\"><span style=\"color: #800000;\"><b>L\u2019insuffisance de la formation continue <\/b><\/span>destin\u00e9e au personnel soignant, qui augmente le <span style=\"background: white; mso-highlight: white;\">retard<\/span> de diagnostic et l\u2019errance th\u00e9rapeutique<\/span><\/li><\/ul><ul><li><span style=\"color: #333333;\">La <span style=\"color: #800000;\"><b>non-disponibilit\u00e9 de certains m\u00e9dicaments <\/b><\/span>non encore commercialis\u00e9s dans le pays<\/span><\/li><\/ul>\t\t\t\t\t\t\t\t<\/div>\n\t\t\t\t<\/div>\n\t\t\t\t<div class=\"elementor-element elementor-element-8068564 elementor-widget elementor-widget-spacer\" data-id=\"8068564\" data-element_type=\"widget\" data-e-type=\"widget\" data-widget_type=\"spacer.default\">\n\t\t\t\t<div class=\"elementor-widget-container\">\n\t\t\t\t\t\t\t<div class=\"elementor-spacer\">\n\t\t\t<div class=\"elementor-spacer-inner\"><\/div>\n\t\t<\/div>\n\t\t\t\t\t\t<\/div>\n\t\t\t\t<\/div>\n\t\t\t\t\t<\/div>\n\t\t\t\t<\/div>\n\t\t<div class=\"elementor-element elementor-element-6a28551 e-flex e-con-boxed e-con e-parent\" data-id=\"6a28551\" data-element_type=\"container\" data-e-type=\"container\">\n\t\t\t\t\t<div class=\"e-con-inner\">\n\t\t\t\t<div class=\"elementor-element elementor-element-155212c elementor-widget elementor-widget-heading\" data-id=\"155212c\" data-element_type=\"widget\" data-e-type=\"widget\" data-widget_type=\"heading.default\">\n\t\t\t\t<div class=\"elementor-widget-container\">\n\t\t\t\t\t<h4 class=\"elementor-heading-title elementor-size-default\"><h4 data-elementor-setting-key=\"title\" data-pen-placeholder=\"\u00c9crivez ici...\" style=\"font-family: Roboto, sans-serif;font-size: 28px;font-weight: 600\">Une r\u00e9cente impulsion politique pour renforcer la gestion des maladies rares - notamment pulmonaires<span style=\"font-size: 48px;letter-spacing: -1px\"><\/span><\/h4><\/h4>\t\t\t\t<\/div>\n\t\t\t\t<\/div>\n\t\t\t\t<div class=\"elementor-element elementor-element-03811cb elementor-widget elementor-widget-text-editor\" data-id=\"03811cb\" data-element_type=\"widget\" data-e-type=\"widget\" data-widget_type=\"text-editor.default\">\n\t\t\t\t<div class=\"elementor-widget-container\">\n\t\t\t\t\t\t\t\t\t<ul><li><span style=\"background: white; color: #333333;\">Le Ministre de la Sant\u00e9 a annonc\u00e9, en juin 2022 lors du Premier Congr\u00e8s National sur les Maladies Rares, un <strong><span style=\"color: #800000;\">budget revu \u00e0 la hausse de 14 milliards de dinars allou\u00e9 \u00e0 la Pharmacie Centrale des h\u00f4pitaux<\/span><\/strong> pour la prise en charge des maladies rares, et en particulier pour acqu\u00e9rir les produits pharmaceutiques destin\u00e9s aux patients atteints de maladies rares<\/span><\/li><li><span style=\"background: white; color: #333333;\">Le Pr\u00e9sident Abdelmadjid Tebboune a r\u00e9cemment demand\u00e9 <strong><span style=\"color: #800000;\">la mise en \u0153uvre d&rsquo;une s\u00e9rie de mesures d\u00e9di\u00e9es \u00e0 l&rsquo;am\u00e9lioration des soins m\u00e9dicaux<\/span><\/strong>. La cr\u00e9ation d&rsquo;un registre national des traitements et des protocoles associ\u00e9s fait partie des mesures annonc\u00e9es par le Minist\u00e8re de la Sant\u00e9<\/span><\/li><li><span style=\"background: white; color: #333333;\"><span style=\"font-size: 12pt; line-height: 115%; font-family: Aptos, sans-serif; background-image: initial; background-position: initial; background-size: initial; background-repeat: initial; background-attachment: initial; background-origin: initial; background-clip: initial;\">En novembre 2023, l&rsquo;Institut National de Sant\u00e9 publique (INSP) et la Soci\u00e9t\u00e9 Alg\u00e9rienne de Pneumologie (SAP) ont sign\u00e9 <strong><span style=\"color: #800000;\">une convention portant sur le lancement d&rsquo;une enqu\u00eate sur les maladies rares et l&rsquo;\u00e9laboration d&rsquo;un registre national pour ces maladies notamment pulmonaires<\/span><\/strong>, y compris l\u2019hypertension pulmonaire, l\u2019obstruction des bronches et certaines formes de tuberculose<\/span><\/span><\/li><\/ul>\t\t\t\t\t\t\t\t<\/div>\n\t\t\t\t<\/div>\n\t\t\t\t\t<\/div>\n\t\t\t\t<\/div>\n\t\t<div class=\"elementor-element elementor-element-05e9d8d e-flex e-con-boxed e-con e-parent\" data-id=\"05e9d8d\" data-element_type=\"container\" data-e-type=\"container\">\n\t\t\t\t\t<div class=\"e-con-inner\">\n\t\t\t\t<div class=\"elementor-element elementor-element-0a30df5 elementor-widget elementor-widget-heading\" data-id=\"0a30df5\" data-element_type=\"widget\" data-e-type=\"widget\" data-widget_type=\"heading.default\">\n\t\t\t\t<div class=\"elementor-widget-container\">\n\t\t\t\t\t<h4 class=\"elementor-heading-title elementor-size-default\"><h4 data-elementor-setting-key=\"title\" data-pen-placeholder=\"\u00c9crivez ici...\" style=\"font-family: Roboto, sans-serif;font-size: 28px;font-weight: 600\">Les diff\u00e9rents besoins et pistes d'actions \u00e9voqu\u00e9s<span style=\"font-size: 48px;letter-spacing: -1px\"><\/span><\/h4><\/h4>\t\t\t\t<\/div>\n\t\t\t\t<\/div>\n\t\t\t\t<div class=\"elementor-element elementor-element-c112c5e elementor-widget elementor-widget-text-editor\" data-id=\"c112c5e\" data-element_type=\"widget\" data-e-type=\"widget\" data-widget_type=\"text-editor.default\">\n\t\t\t\t<div class=\"elementor-widget-container\">\n\t\t\t\t\t\t\t\t\t<ul><li><p><span style=\"color: #333333;\">La <span style=\"color: #800000;\"><strong>cr\u00e9ation de centres experts des maladies rares<\/strong><\/span> pour permettre la r\u00e9alisation des diagnostics et le d\u00e9veloppement des expertises<\/span><\/p><\/li><li><p><span style=\"color: #333333;\">La mise en place d\u2019un <strong><span style=\"color: #800000;\">cahier des charges<\/span><\/strong> auquel devront r\u00e9pondre ces centres experts<\/span><\/p><\/li><\/ul><ul><li><p><span style=\"color: #333333;\">La mise en place de <span style=\"color: #800000;\"><strong>centres de comp\u00e9tences locaux<\/strong><\/span> pour assurer aux patients des soins de proximit\u00e9 et une prise en charge th\u00e9rapeutique adapt\u00e9e<\/span><\/p><\/li><\/ul><ul><li><p><span style=\"color: #333333;\">L\u2019inscription des diff\u00e9rentes strat\u00e9gies dans un <strong><span style=\"color: #800000;\">plan national des maladies rares<\/span><\/strong><\/span><\/p><\/li><\/ul><ul><li><p><span style=\"color: #333333;\">Le <strong><span style=\"color: #800000;\">renforcement de la sensibilisation<\/span><\/strong> \u00e0 ces maladies aupr\u00e8s des diff\u00e9rents acteurs<\/span><\/p><\/li><\/ul><ul><li><p><span style=\"color: #333333;\">La clarification du <strong><span style=\"color: #800000;\">parcours de soins<\/span><\/strong><\/span><\/p><\/li><\/ul><ul><li><p><span style=\"color: #333333;\">L\u2019int\u00e9gration d\u2019un lien plus fort entre <span style=\"color: #800000;\"><strong>l&rsquo;\u00e9valuation technologique et les lignes directrices<\/strong> <\/span>en mati\u00e8re de traitement<\/span><\/p><\/li><\/ul><ul><li><p><span style=\"color: #333333;\"><strong><span style=\"color: #800000;\">L\u2019am\u00e9lioration et la simplification<\/span><\/strong> des processus HTA<\/span><\/p><\/li><\/ul><ul><li><p><span style=\"color: #333333;\"><span style=\"color: #800000;\"><strong>L\u2019\u00e9coute de la voix des patients<\/strong><\/span> et l\u2019apport de m\u00e9thodes innovantes de financement<\/span><\/p><\/li><\/ul><ul><li><p><span style=\"color: #333333;\">La mise en place de <span style=\"color: #800000;\"><strong>plateformes locales pour am\u00e9liorer les communications efficaces<\/strong><\/span> entre les diff\u00e9rentes parties prenante<\/span><\/p><\/li><\/ul><ul><li><p><span style=\"color: #333333;\">Le <strong><span style=\"color: #800000;\">d\u00e9veloppement des bases de donn\u00e9es patients<\/span><\/strong> sous format \u00e9lectronique.<\/span><\/p><\/li><\/ul>\t\t\t\t\t\t\t\t<\/div>\n\t\t\t\t<\/div>\n\t\t\t\t\t<\/div>\n\t\t\t\t<\/div>\n\t\t<div class=\"elementor-element elementor-element-779e6de e-flex e-con-boxed e-con e-parent\" data-id=\"779e6de\" data-element_type=\"container\" data-e-type=\"container\">\n\t\t\t\t\t<div class=\"e-con-inner\">\n\t\t\t\t\t<\/div>\n\t\t\t\t<\/div>\n\t\t\t\t<\/div>\n\t\t","protected":false},"excerpt":{"rendered":"<p>Les Maladies Rares Une maladie rare : une maladie qui atteint moins d\u2019une personne sur 2 000 en population g\u00e9n\u00e9rale. Les maladies rares en quelques chiffres 109 maladies raresreconnues en Alg\u00e9rie 2 millions d\u2019Alg\u00e9riens sont atteints de maladies rares 75% des malades sont des enfants 80% des maladies rares sont g\u00e9n\u00e9tiques 50%des malades sont sans [&hellip;]<\/p>\n","protected":false},"author":1,"featured_media":0,"parent":2,"menu_order":0,"comment_status":"closed","ping_status":"closed","template":"","meta":{"footnotes":""},"class_list":["post-150","page","type-page","status-publish","hentry"],"_links":{"self":[{"href":"https:\/\/aviyzcf2oz.ph-expertise.com\/index.php\/wp-json\/wp\/v2\/pages\/150","targetHints":{"allow":["GET"]}}],"collection":[{"href":"https:\/\/aviyzcf2oz.ph-expertise.com\/index.php\/wp-json\/wp\/v2\/pages"}],"about":[{"href":"https:\/\/aviyzcf2oz.ph-expertise.com\/index.php\/wp-json\/wp\/v2\/types\/page"}],"author":[{"embeddable":true,"href":"https:\/\/aviyzcf2oz.ph-expertise.com\/index.php\/wp-json\/wp\/v2\/users\/1"}],"replies":[{"embeddable":true,"href":"https:\/\/aviyzcf2oz.ph-expertise.com\/index.php\/wp-json\/wp\/v2\/comments?post=150"}],"version-history":[{"count":46,"href":"https:\/\/aviyzcf2oz.ph-expertise.com\/index.php\/wp-json\/wp\/v2\/pages\/150\/revisions"}],"predecessor-version":[{"id":478,"href":"https:\/\/aviyzcf2oz.ph-expertise.com\/index.php\/wp-json\/wp\/v2\/pages\/150\/revisions\/478"}],"up":[{"embeddable":true,"href":"https:\/\/aviyzcf2oz.ph-expertise.com\/index.php\/wp-json\/wp\/v2\/pages\/2"}],"wp:attachment":[{"href":"https:\/\/aviyzcf2oz.ph-expertise.com\/index.php\/wp-json\/wp\/v2\/media?parent=150"}],"curies":[{"name":"wp","href":"https:\/\/api.w.org\/{rel}","templated":true}]}}