{"id":112,"date":"2024-12-03T15:22:52","date_gmt":"2024-12-03T14:22:52","guid":{"rendered":"https:\/\/aviyzcf2oz.ph-expertise.com\/?page_id=112"},"modified":"2025-09-02T14:35:50","modified_gmt":"2025-09-02T12:35:50","slug":"a-propos","status":"publish","type":"page","link":"https:\/\/aviyzcf2oz.ph-expertise.com\/index.php\/page-d-exemple\/a-propos\/","title":{"rendered":"Contexte"},"content":{"rendered":"\t\t<div data-elementor-type=\"wp-post\" data-elementor-id=\"112\" class=\"elementor elementor-112\">\n\t\t\t\t<div class=\"elementor-element elementor-element-6e4d56a e-flex e-con-boxed e-con e-parent\" data-id=\"6e4d56a\" data-element_type=\"container\" data-e-type=\"container\">\n\t\t\t\t\t<div class=\"e-con-inner\">\n\t\t\t\t<div class=\"elementor-element elementor-element-62fbb82 elementor-widget elementor-widget-text-editor\" data-id=\"62fbb82\" data-element_type=\"widget\" data-e-type=\"widget\" data-widget_type=\"text-editor.default\">\n\t\t\t\t<div class=\"elementor-widget-container\">\n\t\t\t\t\t\t\t\t\t<h4>D\u00e9finitions<\/h4><p><!-- \/wp:heading --><!-- wp:paragraph --><\/p><ul><li><b><strong>Maladie rare<\/strong><\/b>\u00a0: une maladie qui atteint moins d\u2019une personne sur 2 000 en population g\u00e9n\u00e9rale.<\/li><li><b><strong>Errance diagnostique<\/strong><\/b>\u00a0: l\u2019errance diagnostique est la p\u00e9riode allant de l\u2019apparition des premiers sympt\u00f4mes \u00e0 la date \u00e0 laquelle un diagnostic pr\u00e9cis est pos\u00e9.<\/li><li><b><strong>Impasse diagnostique<\/strong><\/b>\u00a0:\u00a0l\u2019impasse diagnostique r\u00e9sulte de l\u2019\u00e9chec \u00e0 d\u00e9finir la cause pr\u00e9cise de la maladie apr\u00e8s avoir mis en \u0153uvre l\u2019ensemble des investigations disponibles en l\u2019\u00e9tat de l\u2019art. Elle concerne les malades atteints d\u2019une forme atypique d\u2019une maladie connue, ou d\u2019une maladie dont la cause g\u00e9n\u00e9tique ou autre n\u2019a pas encore \u00e9t\u00e9 reconnue.<\/li><\/ul>\t\t\t\t\t\t\t\t<\/div>\n\t\t\t\t<\/div>\n\t\t\t\t\t<\/div>\n\t\t\t\t<\/div>\n\t\t<div class=\"elementor-element elementor-element-c0e7777 e-flex e-con-boxed e-con e-parent\" data-id=\"c0e7777\" data-element_type=\"container\" data-e-type=\"container\">\n\t\t\t\t\t<div class=\"e-con-inner\">\n\t\t\t\t<div class=\"elementor-element elementor-element-3ac3ce4 elementor-widget elementor-widget-text-editor\" data-id=\"3ac3ce4\" data-element_type=\"widget\" data-e-type=\"widget\" data-widget_type=\"text-editor.default\">\n\t\t\t\t<div class=\"elementor-widget-container\">\n\t\t\t\t\t\t\t\t\t<h4>La pr\u00e9valence des maladies rares en Alg\u00e9rie<\/h4>\n<p><!-- \/wp:heading --><!-- wp:paragraph --><\/p>\n<p>En Alg\u00e9rie, les <strong>maladies rares<\/strong> touchent pr\u00e8s de <strong>2 millions de personnes<\/strong>, soit environ <strong>5% de la population<\/strong>. Pourtant, la prise en charge reste insuffisante face \u00e0 plusieurs d\u00e9fis<strong>&nbsp;:<\/strong><\/p>\n<ul>\n<li>Moins de <strong>10% des patients<\/strong> re\u00e7oivent un diagnostic pr\u00e9cis en temps opportun, ce qui entra\u00eene une <strong>errance diagnostique<\/strong> de plusieurs ann\u00e9es<\/li>\n<li>Repr\u00e9sentant environ 5% de la population totale<\/li>\n<li>Les co\u00fbts de prise en charge sont \u00e9lev\u00e9s : entre <strong>2 et 4 millions de dinars par an et par patient<sup>1<\/sup><\/strong>, ce qui p\u00e8se lourdement sur le syst\u00e8me de sant\u00e9 alg\u00e9rien<\/li>\n<\/ul>\n<p><!-- \/wp:paragraph --><!-- wp:list --><\/p>\n<ul>\n<li style=\"list-style-type: none;\">\n<ul><!-- wp:list-item --><\/ul>\n<\/li>\n<\/ul>\n<p><!-- \/wp:list-item --><!-- wp:list-item --><\/p>\n<p><!-- \/wp:list-item --><!-- wp:list-item --><\/p>\n<p><!-- \/wp:list-item --><\/p>\n<p><!-- \/wp:list --><!-- wp:paragraph --><\/p>\n<p>Face \u00e0 cette situation, le gouvernement a pris des mesures importantes :<\/p>\n<ul>\n<li>En f\u00e9vrier 2024, la liste des maladies rares est pass\u00e9e de 28 \u00e0 <strong>109 d\u00e9nominations <\/strong>reconnues par le minist\u00e8re de la Sant\u00e9 (134 en consid\u00e9rant les sous-groupes de maladies).<\/li>\n<li>En novembre 2023, une convention entre l\u2019Institut National de Sant\u00e9 publique et la Soci\u00e9t\u00e9 Alg\u00e9rienne de Pneumologie a \u00e9t\u00e9 sign\u00e9e pour lancer une <strong>enqu\u00eate sur les maladies rares <\/strong>et <strong>\u00e9laborer un registre national<\/strong><sup>2<\/sup><\/li>\n<li>En 2022 le Pr\u00e9sident de la R\u00e9publique a demand\u00e9 la mise en \u0153uvre d&rsquo;une s\u00e9rie de mesures d\u00e9di\u00e9es \u00e0 la cr\u00e9ation d\u2019un <strong>Plan national des maladies rares<\/strong><\/li>\n<li>En juin 2022, <strong>14 milliards de dinars <\/strong>ont \u00e9t\u00e9 allou\u00e9s \u00e0 la Pharmacie Centrale des h\u00f4pitaux pour l\u2019achat de m\u00e9dicaments destin\u00e9s aux maladies rares<sup>2<\/sup><\/li>\n<p>Malgr\u00e9 ces avanc\u00e9es, des <strong>freins majeurs<\/strong> persistent et n\u00e9cessitent une r\u00e9ponse structur\u00e9e.\n<\/p><\/ul>\n<p><!-- \/wp:paragraph --><!-- wp:list --><\/p>\n<ul>\n<li style=\"list-style-type: none;\">\n<ul><!-- wp:list-item --><\/ul>\n<\/li>\n<\/ul>\t\t\t\t\t\t\t\t<\/div>\n\t\t\t\t<\/div>\n\t\t\t\t\t<\/div>\n\t\t\t\t<\/div>\n\t\t<div class=\"elementor-element elementor-element-363a426 e-flex e-con-boxed e-con e-parent\" data-id=\"363a426\" data-element_type=\"container\" data-e-type=\"container\">\n\t\t\t\t\t<div class=\"e-con-inner\">\n\t\t\t\t<div class=\"elementor-element elementor-element-69088c5 elementor-widget elementor-widget-text-editor\" data-id=\"69088c5\" data-element_type=\"widget\" data-e-type=\"widget\" data-widget_type=\"text-editor.default\">\n\t\t\t\t<div class=\"elementor-widget-container\">\n\t\t\t\t\t\t\t\t\t<h4><b>Les freins actuels au d\u00e9ploiement d\u2019un plan national<\/b><\/h4><p><!-- \/wp:heading --><!-- wp:paragraph --><\/p><p><span style=\"color: #000000;\">Malgr\u00e9 l&rsquo;engagement r\u00e9cent du gouvernement alg\u00e9rien pour am\u00e9liorer la prise en charge des maladies rares, plusieurs d\u00e9fis freinent le d\u00e9veloppement d&rsquo;un plan national.<\/span><\/p>\t\t\t\t\t\t\t\t<\/div>\n\t\t\t\t<\/div>\n\t\t\t\t\t<\/div>\n\t\t\t\t<\/div>\n\t\t<div class=\"elementor-element elementor-element-acecdfe e-flex e-con-boxed e-con e-parent\" data-id=\"acecdfe\" data-element_type=\"container\" data-e-type=\"container\">\n\t\t\t\t\t<div class=\"e-con-inner\">\n\t\t\t\t<div class=\"elementor-element elementor-element-8742ed5 elementor-widget elementor-widget-text-editor\" data-id=\"8742ed5\" data-element_type=\"widget\" data-e-type=\"widget\" data-widget_type=\"text-editor.default\">\n\t\t\t\t<div class=\"elementor-widget-container\">\n\t\t\t\t\t\t\t\t\t<ul><li><span style=\"color: #000000;\"><b>L\u2019absence de structures d\u00e9di\u00e9es pour la prise en charge th\u00e9rapeutique<\/b><\/span><ul><li><span style=\"color: #000000;\">Nombre laboratoires de diagnostic limit\u00e9 en Alg\u00e9rie<\/span><\/li><li><span style=\"color: #000000;\">Absence de centres de r\u00e9f\u00e9rences<\/span><\/li><li><span style=\"color: #000000;\">Acc\u00e8s aux m\u00e9dicaments limit\u00e9 : de nombreux traitements essentiels n\u2019\u00e9tant pas encore disponibles<\/span><\/li><\/ul><\/li><li><span style=\"color: #000000;\"><b>Le manque de coordination des actions<\/b><\/span><ul><li><span style=\"color: #000000;\">Manque de coordination des sp\u00e9cialit\u00e9s et des centres hospitaliers<\/span><\/li><li><span style=\"color: #000000;\">Manque de formation continue pour le personnel m\u00e9dical<\/span><\/li><\/ul><\/li><li><p><span style=\"color: #000000;\"><b>Le co\u00fbt \u00e9lev\u00e9 des traitements pour le syst\u00e8me de sant\u00e9 <\/b><\/span><\/p><ul><li><p><span style=\"color: #000000;\"><b><\/b>Sans une strat\u00e9gie claire ou des partenaires, il sera difficile de mobiliser les ressources n\u00e9cessaires pour assurer une couverture compl\u00e8te des maladies rares<\/span><\/p><\/li><\/ul><\/li><\/ul>\t\t\t\t\t\t\t\t<\/div>\n\t\t\t\t<\/div>\n\t\t\t\t\t<\/div>\n\t\t\t\t<\/div>\n\t\t<div class=\"elementor-element elementor-element-54aa74f e-flex e-con-boxed e-con e-parent\" data-id=\"54aa74f\" data-element_type=\"container\" data-e-type=\"container\">\n\t\t\t\t\t<div class=\"e-con-inner\">\n\t\t\t\t<div class=\"elementor-element elementor-element-ded20d0 elementor-widget elementor-widget-text-editor\" data-id=\"ded20d0\" data-element_type=\"widget\" data-e-type=\"widget\" data-widget_type=\"text-editor.default\">\n\t\t\t\t<div class=\"elementor-widget-container\">\n\t\t\t\t\t\t\t\t\t<h4><b>La mise en place d\u2019un projet pilote : une r\u00e9ponse strat\u00e9gique <br \/><\/b><\/h4>\n<p>Pour relever ces d\u00e9fis, <strong>toutes les parties prenantes<\/strong> (professionnels de sant\u00e9, instances publiques et associations de patients) se sont accord\u00e9es pour lancer un <strong>projet pilote<\/strong> d\u00e9di\u00e9 aux <strong>maladies rares pulmonaires<\/strong>.<\/p>\n<h5><strong>Pourquoi un projet pilote ?<\/strong><\/h5>\n<p>Un projet pilote est une approche reconnue en sant\u00e9 publique qui permet :<\/p>\n<ul>\n<li style=\"list-style-type: none;\">\n<ul>\n<li><strong>D\u2019identifier les besoins prioritaires<\/strong> et les principaux d\u00e9fis \u00e0 surmonter,<\/li>\n<li><strong>De structurer une r\u00e9ponse adapt\u00e9e<\/strong>, claire et r\u00e9alisable,<\/li>\n<li><strong>D\u2019optimiser les ressources disponibles<\/strong>, en les allouant progressivement et efficacement,<\/li>\n<li><strong>De tester un mod\u00e8le reproductible<\/strong>, facilement d\u00e9ployable \u00e0 plus grande \u00e9chelle<\/li>\n<\/ul>\n<\/li>\n<\/ul>\n<h5><strong>Pourquoi un projet pilote sur les maladies rares pulmonaires ?<\/strong><\/h5>\n<p>Ce projet pilote pr\u00e9sente des avantages strat\u00e9giques pour l\u2019Alg\u00e9rie :<\/p>\n<h6 style=\"padding-left: 40px;\"><strong>1. Un fardeau \u00e9pid\u00e9miologique majeur<\/strong><\/h6>\n<p style=\"padding-left: 40px;\">Les maladies rares pulmonaires repr\u00e9sentent une cause importante de <strong>mortalit\u00e9 et de morbidit\u00e9<\/strong>. Elles sont aggrav\u00e9es par des facteurs environnementaux comme la <strong>pollution<\/strong>, le <strong>tabagisme<\/strong> et l\u2019urbanisation rapide, ce qui augmente la pression sur le syst\u00e8me de sant\u00e9.<\/p>\n<h6 style=\"padding-left: 40px;\"><strong>2. Une sensibilisation d\u00e9j\u00e0 existante<\/strong><\/h6>\n<p style=\"padding-left: 40px;\">Certaines pathologies, comme la <strong>mucoviscidose<\/strong>, b\u00e9n\u00e9ficient d\u00e9j\u00e0 d\u2019une visibilit\u00e9 m\u00e9diatique et de campagnes de sensibilisation. Cette reconnaissance publique permet d\u2019amplifier l\u2019impact des actions locales.<\/p>\n<h6 style=\"padding-left: 40px;\"><strong>3. L\u2019implication des acteurs cl\u00e9s<\/strong><\/h6>\n<p style=\"padding-left: 40px;\">La <strong>Soci\u00e9t\u00e9 Alg\u00e9rienne de Pneumologie<\/strong>, sous l\u2019impulsion de son Pr\u00e9sident, le Pr <strong>Merzak Gharnaout<\/strong>, et avec le soutien de <strong>Boehringer Ingelheim<\/strong>, coordonne cette initiative pour proposer une <strong>r\u00e9ponse int\u00e9gr\u00e9e et efficace<\/strong>.<\/p>\n<h6 style=\"padding-left: 40px;\"><strong>4. Des opportunit\u00e9s de collaborations internationales<\/strong><\/h6>\n<p style=\"padding-left: 40px;\">Ce projet s\u2019inscrit dans une priorit\u00e9 mondiale et ouvre la porte \u00e0 des collaborations avec des initiatives comme les <strong>R\u00e9seaux Europ\u00e9ens de R\u00e9f\u00e9rence (ERNs)<\/strong>. Cela permet de b\u00e9n\u00e9ficier :<\/p>\n<ul>\n<li style=\"list-style-type: none;\">\n<ul>\n<li style=\"list-style-type: none;\">\n<ul>\n<li style=\"list-style-type: none;\">\n<ul>\n<li>D\u2019un acc\u00e8s aux <strong>innovations th\u00e9rapeutiques<\/strong>,<\/li>\n<li>De ressources sp\u00e9cialis\u00e9es,<\/li>\n<li>De <strong>formations adapt\u00e9es<\/strong> pour les professionnels de sant\u00e9.<\/li>\n<\/ul>\n<\/li>\n<\/ul>\n<\/li>\n<\/ul>\n<\/li>\n<\/ul>\n<p>\u00a0<\/p>\n<p style=\"text-align: center;\">En conclusion, ce projet pilote repr\u00e9sente une <strong>premi\u00e8re \u00e9tape essentielle<\/strong> pour r\u00e9pondre aux besoins des patients et b\u00e2tir un <strong>Plan National des Maladies Rares<\/strong>.<\/p>\n<p><!-- \/wp:heading --><!-- wp:paragraph --><\/p>\t\t\t\t\t\t\t\t<\/div>\n\t\t\t\t<\/div>\n\t\t\t\t\t<\/div>\n\t\t\t\t<\/div>\n\t\t<div class=\"elementor-element elementor-element-33f81ad e-flex e-con-boxed e-con e-parent\" data-id=\"33f81ad\" data-element_type=\"container\" data-e-type=\"container\">\n\t\t\t\t\t<div class=\"e-con-inner\">\n\t\t\t\t<div class=\"elementor-element elementor-element-1d0d51c elementor-widget elementor-widget-text-editor\" data-id=\"1d0d51c\" data-element_type=\"widget\" data-e-type=\"widget\" data-widget_type=\"text-editor.default\">\n\t\t\t\t<div class=\"elementor-widget-container\">\n\t\t\t\t\t\t\t\t\t<p><em><a href=\"https:\/\/radioalgerie.dz\/news\/fr\/article\/20210228\/207853.html\">(1) https:\/\/radioalgerie.dz\/news\/fr\/article\/20210228\/207853.html<\/a><br \/><\/em><a href=\"https:\/\/www.aps.dz\/sante-science-technologie\/139175-maladies-rares-12-milliards-da-alloues-a-la-prise-en-charge-des-maladies-rares\"><em>(2) https:\/\/www.aps.dz\/sante-science-technologie\/139175-maladies-rares-12-milliards-da-alloues-a-la-prise-en-charge-des-maladies-rares<\/em><\/a><\/p>\t\t\t\t\t\t\t\t<\/div>\n\t\t\t\t<\/div>\n\t\t\t\t\t<\/div>\n\t\t\t\t<\/div>\n\t\t<div class=\"elementor-element elementor-element-72ab06c e-flex e-con-boxed e-con e-parent\" data-id=\"72ab06c\" data-element_type=\"container\" data-e-type=\"container\">\n\t\t\t\t\t<div class=\"e-con-inner\">\n\t\t\t\t<div class=\"elementor-element elementor-element-28634e7 elementor-widget elementor-widget-text-editor\" data-id=\"28634e7\" data-element_type=\"widget\" data-e-type=\"widget\" data-widget_type=\"text-editor.default\">\n\t\t\t\t<div class=\"elementor-widget-container\">\n\t\t\t\t\t\t\t\t\t<div class=\"elementor-element elementor-element-76f38e6 e-flex e-con-boxed e-con e-parent e-lazyloaded\" data-id=\"76f38e6\" data-element_type=\"container\">\n<div class=\"e-con-inner\">\n<div class=\"elementor-element elementor-element-458cece elementor-widget elementor-widget-heading\" data-id=\"458cece\" data-element_type=\"widget\" data-widget_type=\"heading.default\">\n<div class=\"elementor-widget-container\">\n<div><main>\n<div>\n<h2>Ils soutient le projet<\/h2>\n<\/div>\n<\/main><\/div>\n<\/div>\n<\/div>\n<\/div>\n<\/div>\n<div class=\"elementor-element elementor-element-0348881 e-flex e-con-boxed e-con e-parent e-lazyloaded\" data-id=\"0348881\" data-element_type=\"container\">\n<div class=\"e-con-inner\">\n<div class=\"elementor-element elementor-element-3283d3a e-con-full e-flex e-con e-child\" data-id=\"3283d3a\" data-element_type=\"container\">\n<div class=\"elementor-element elementor-element-83da4b7 elementor-widget elementor-widget-text-editor\" data-id=\"83da4b7\" data-element_type=\"widget\" data-widget_type=\"text-editor.default\">\n<div class=\"elementor-widget-container\">\n<p><strong>Soci\u00e9t\u00e9s savantes :<\/strong><\/p>\n<ul>\n<li>La Soci\u00e9t\u00e9 Alg\u00e9rienne de Pneumologie<\/li>\n<li>L\u2019Acad\u00e9mie Alg\u00e9rienne d\u2019Allergologie et d\u2019Immunologie Clinique<\/li>\n<li>La Soci\u00e9t\u00e9 Alg\u00e9rienne de Radiologie et d\u2019Imagerie M\u00e9dicale<\/li>\n<li>La Soci\u00e9t\u00e9 Alg\u00e9rienne de G\u00e9riatrie<\/li>\n<li>La Soci\u00e9t\u00e9 alg\u00e9rienne de R\u00e9animation M\u00e9dicale<\/li>\n<li>La Soci\u00e9t\u00e9 Alg\u00e9rienne d\u2019Epid\u00e9miologie<\/li>\n<li>La Soci\u00e9t\u00e9 Alg\u00e9rienne de Rhumatologie<\/li>\n<li>La Soci\u00e9t\u00e9 Alg\u00e9rienne de M\u00e9decine G\u00e9n\u00e9rale<\/li>\n<li>La Soci\u00e9t\u00e9 Alg\u00e9rienne d\u2019Ob\u00e9sit\u00e9 et des Maladies M\u00e9taboliques<\/li>\n<li>La Soci\u00e9t\u00e9 Alg\u00e9rienne de P\u00e9diatrie<\/li>\n<li>La Soci\u00e9t\u00e9 Alg\u00e9rienne de M\u00e9decine Interne<\/li>\n<li>La Soci\u00e9t\u00e9 Alg\u00e9rienne d\u2019Anatomie Pathologique<\/li>\n<li>La Soci\u00e9t\u00e9 Alg\u00e9rienne de Transplantation d\u2019Organes<\/li>\n<\/ul>\n<\/div>\n<\/div>\n<\/div>\n<div class=\"elementor-element elementor-element-1c67381 e-con-full e-flex e-con e-child\" data-id=\"1c67381\" data-element_type=\"container\">\n<div class=\"elementor-element elementor-element-4573fda elementor-widget elementor-widget-text-editor\" data-id=\"4573fda\" data-element_type=\"widget\" data-widget_type=\"text-editor.default\">\n<div class=\"elementor-widget-container\">\n<p><strong>Associations de patients :<\/strong><\/p>\n<ul>\n<li>La Fondation MAIRA<\/li>\n<li>La Fondation ANPDIP<\/li>\n<li>L\u2019Association d\u2019Aide aux Patients Atteints d\u2019Hypertension Art\u00e9rielle Pulmonaire<\/li>\n<\/ul>\n<\/div>\n<\/div>\n<\/div>\n<\/div>\n<\/div>\n<div class=\"elementor-element elementor-element-f9e21e5 e-flex e-con-boxed e-con e-parent e-lazyloaded\" data-id=\"f9e21e5\" data-element_type=\"container\">\n<div class=\"e-con-inner\">\n<div class=\"elementor-element elementor-element-a403546 elementor-widget elementor-widget-text-editor\" data-id=\"a403546\" data-element_type=\"widget\" data-widget_type=\"text-editor.default\">\n<div class=\"elementor-widget-container\">\n<ul>\n<li>Soutien institutionnel de Boehringer Ingelheim<\/li>\n<\/ul>\n<\/div>\n<\/div>\n<\/div>\n<\/div>\t\t\t\t\t\t\t\t<\/div>\n\t\t\t\t<\/div>\n\t\t\t\t\t<\/div>\n\t\t\t\t<\/div>\n\t\t\t\t<\/div>\n\t\t","protected":false},"excerpt":{"rendered":"<p>D\u00e9finitions Maladie rare\u00a0: une maladie qui atteint moins d\u2019une personne sur 2 000 en population g\u00e9n\u00e9rale. Errance diagnostique\u00a0: l\u2019errance diagnostique est la p\u00e9riode allant de l\u2019apparition des premiers sympt\u00f4mes \u00e0 la date \u00e0 laquelle un diagnostic pr\u00e9cis est pos\u00e9. Impasse diagnostique\u00a0:\u00a0l\u2019impasse diagnostique r\u00e9sulte de l\u2019\u00e9chec \u00e0 d\u00e9finir la cause pr\u00e9cise de la maladie apr\u00e8s avoir [&hellip;]<\/p>\n","protected":false},"author":1,"featured_media":0,"parent":2,"menu_order":0,"comment_status":"closed","ping_status":"closed","template":"","meta":{"footnotes":""},"class_list":["post-112","page","type-page","status-publish","hentry"],"_links":{"self":[{"href":"https:\/\/aviyzcf2oz.ph-expertise.com\/index.php\/wp-json\/wp\/v2\/pages\/112","targetHints":{"allow":["GET"]}}],"collection":[{"href":"https:\/\/aviyzcf2oz.ph-expertise.com\/index.php\/wp-json\/wp\/v2\/pages"}],"about":[{"href":"https:\/\/aviyzcf2oz.ph-expertise.com\/index.php\/wp-json\/wp\/v2\/types\/page"}],"author":[{"embeddable":true,"href":"https:\/\/aviyzcf2oz.ph-expertise.com\/index.php\/wp-json\/wp\/v2\/users\/1"}],"replies":[{"embeddable":true,"href":"https:\/\/aviyzcf2oz.ph-expertise.com\/index.php\/wp-json\/wp\/v2\/comments?post=112"}],"version-history":[{"count":53,"href":"https:\/\/aviyzcf2oz.ph-expertise.com\/index.php\/wp-json\/wp\/v2\/pages\/112\/revisions"}],"predecessor-version":[{"id":486,"href":"https:\/\/aviyzcf2oz.ph-expertise.com\/index.php\/wp-json\/wp\/v2\/pages\/112\/revisions\/486"}],"up":[{"embeddable":true,"href":"https:\/\/aviyzcf2oz.ph-expertise.com\/index.php\/wp-json\/wp\/v2\/pages\/2"}],"wp:attachment":[{"href":"https:\/\/aviyzcf2oz.ph-expertise.com\/index.php\/wp-json\/wp\/v2\/media?parent=112"}],"curies":[{"name":"wp","href":"https:\/\/api.w.org\/{rel}","templated":true}]}}